{"id":658,"date":"2018-03-01T21:02:44","date_gmt":"2018-03-01T21:02:44","guid":{"rendered":"https:\/\/test.lichtbaken.nl\/?page_id=658"},"modified":"2019-11-25T09:47:35","modified_gmt":"2019-11-25T09:47:35","slug":"links","status":"publish","type":"page","link":"https:\/\/test.lichtbaken.nl\/?page_id=658","title":{"rendered":"Links"},"content":{"rendered":"<div  data-label=\"Team\" data-id=\"team-5\" data-export-id=\"team-5\" data-category=\"team\" class=\"team-5 content-section content-section-spacing\" id=\"team-5\" style=\"background-color: rgb(52, 58, 64); background-image: none;\">\n<div  class=\"gridContainer\">\n<div  class=\"row text-center\">\n<div  class=\"section-title-col\" data-type=\"column\">\n<h2  class=\"\"><span  style=\"color: rgb(3, 169, 244);\">Verwijzingen<\/span><\/h2>\n<p  class=\"lead\"><span  style=\"color: rgb(3, 169, 244);\">Hieronder enkele links naar zendelingen die wij steunen of organisaties waar wij bij zijn aangesloten, wij ondersteunen of aanbevelen.<\/span><\/p>\n\n<\/div>\n<\/div>\n<div  class=\"row spaced-cols content-center-sm center-sm\" data-type=\"row\">\n<div  class=\"col-xs-12 col-sm-6 col-padding col-md-4 \">\n<div  class=\"row \">\n<div  data-type=\"column\" class=\"col-xs-12 col-sm-12\">\n\n<img  class=\"round face\" src=\"https:\/\/test.lichtbaken.nl\/wp-content\/uploads\/2018\/03\/cropped-Robin-1.jpg\">\n<h4  class=\"font-500\"><span  style=\"color: rgb(3, 169, 244);\">Robin van Engelenhoven<\/span><span  id=\"_mce_caret\" data-mce-bogus=\"1\" data-mce-type=\"format-caret\"><span  style=\"color: rgb(3, 169, 244);\">\ufeff<\/span><\/span><\/h4>\n<p  class=\"italic\"><span  style=\"color: rgb(3, 169, 244);\">Pattaya, Thailand<\/span><\/p>\n\n<div  class=\"social-icons-group\" data-type=\"group\"><a  href=\"http:\/\/robinvanengelenhoven.blogspot.nl\" target=\"_blank\" class=\"\" rel=\"noopener\"><i  class=\"gray fa icon small fa-internet-explorer color5\"><\/i><\/a> <a  href=\"https:\/\/www.facebook.com\/profile.php?id=100000293637890&amp;ref=br_rs\" target=\"_blank\" class=\"\" rel=\"noopener\"><i  class=\"gray fa icon small fa-facebook-square color1\"><\/i><\/a> <a  href=\"#\" target=\"_self\" data-reiki-hidden=\"true\" class=\"\"><i  class=\"gray fa icon small fa-linkedin-square color-black\"><\/i><\/a> <a  href=\"#\" target=\"_self\" data-reiki-hidden=\"true\" class=\"\"><i  class=\"gray fa icon small fa-google-plus-square color-black\"><\/i><\/a><\/div>\n<\/div>\n<\/div>\n<\/div>\n\n<div  class=\"col-xs-12 col-sm-6 col-padding col-md-4 \">\n<div  class=\"row \">\n<div  data-type=\"column\" class=\"col-xs-12 col-sm-12\">\n\n<img  class=\"round face\" src=\"https:\/\/test.lichtbaken.nl\/wp-content\/uploads\/2018\/03\/cropped-cropped-lois-en-luca-1.jpg\">\n<h4  class=\"font-500\"><span  style=\"color: rgb(3, 169, 244);\">Lo\u00efs en Luca Ambriolla<\/span><\/h4>\n<p  class=\"italic\"><span  style=\"color: rgb(3, 169, 244);\">Zuid-Afrika<\/span><\/p>\n\n<div  class=\"social-icons-group\" data-type=\"group\"><a  href=\"https:\/\/www.lucaenlois.nl\" target=\"_blank\" class=\"\" rel=\"noopener\"><i  class=\"gray fa icon small fa-internet-explorer color5\"><\/i><\/a> <a  href=\"#\" target=\"_self\" data-reiki-hidden=\"true\" class=\"\"><i  class=\"gray fa icon small fa-twitter-square color-black\"><\/i><\/a> <a  href=\"#\" target=\"_self\" data-reiki-hidden=\"true\" class=\"\"><i  class=\"gray fa icon small fa-linkedin-square color-black\"><\/i><\/a> <a  href=\"#\" target=\"_self\" data-reiki-hidden=\"true\" class=\"\"><i  class=\"gray fa icon small fa-google-plus-square color-black\"><\/i><\/a><\/div>\n<\/div>\n<\/div>\n<\/div>\n<div  class=\"col-xs-12 col-sm-6 col-padding col-md-4 \">\n<div  class=\"row \">\n<div  data-type=\"column\" class=\"col-xs-12 col-sm-12\">\n\n<img  class=\"round face\" src=\"https:\/\/test.lichtbaken.nl\/wp-content\/uploads\/2018\/03\/cropped-jaap-6.jpg\">\n<h4  class=\"font-500\"><span  style=\"color: rgb(3, 169, 244);\">Jaap B\u00f6nker<\/span><\/h4>\n<p  class=\"italic\"><span  style=\"color: rgb(3, 169, 244);\">Werk in Isra\u00ebl<\/span><\/p>\n\n<div  class=\"social-icons-group\" data-type=\"group\"><a  href=\"http:\/\/www.jaapbonker.com\" target=\"_blank\" class=\"\" rel=\"noopener\"><i  class=\"gray fa icon small fa-internet-explorer color5\"><\/i><\/a> <a  href=\"#\" target=\"_self\" data-reiki-hidden=\"true\" class=\"\"><i  class=\"gray fa icon small fa-twitter-square color-black\"><\/i><\/a> <a  href=\"#\" target=\"_self\" data-reiki-hidden=\"true\" class=\"\"><i  class=\"gray fa icon small fa-linkedin-square color-black\"><\/i><\/a> <a  href=\"#\" target=\"_self\" data-reiki-hidden=\"true\" class=\"\"><i  class=\"gray fa icon small fa-google-plus-square color-black\"><\/i><\/a><\/div>\n<\/div>\n<\/div>\n<\/div>\n<div  class=\"col-xs-12 col-sm-6 col-padding col-md-4 \">\n<div  class=\"row \">\n<div  data-type=\"column\" class=\"col-xs-12 col-sm-12\">\n\n<img  class=\"round face\" src=\"https:\/\/test.lichtbaken.nl\/wp-content\/uploads\/2018\/03\/cropped-abc2-5.jpg\">\n<h4  class=\"font-500\"><span  style=\"color: rgb(3, 169, 244);\">ABC \u2013 Alliantie van Baptisten<\/span><\/h4>\n<p  class=\"small\" style=\"font-style: italic;\"><span  style=\"color: rgb(3, 169, 244);\">en CAMA gemeenten<\/span><span  id=\"_mce_caret\" data-mce-bogus=\"1\" data-mce-type=\"format-caret\"><span  style=\"color: rgb(3, 169, 244);\">\ufeff<\/span><\/span><\/p>\n\n<div  class=\"social-icons-group\" data-type=\"group\"><a  href=\"https:\/\/www.abcgemeenten.nl\" target=\"_blank\" class=\"\" rel=\"noopener\"><i  class=\"gray fa icon small fa-internet-explorer color5\"><\/i><\/a> <a  href=\"#\" target=\"_self\" data-reiki-hidden=\"true\" class=\"\"><i  class=\"gray fa icon small fa-twitter-square color-black\"><\/i><\/a> <a  href=\"#\" target=\"_self\" data-reiki-hidden=\"true\" class=\"\"><i  class=\"gray fa icon small fa-linkedin-square color-black\"><\/i><\/a> <a  href=\"#\" target=\"_self\" data-reiki-hidden=\"true\" class=\"\"><i  class=\"gray fa icon small fa-google-plus-square color-black\"><\/i><\/a><\/div>\n<\/div>\n<\/div>\n<\/div>\n<div  class=\"col-xs-12 col-sm-6 col-padding col-md-4\">\n<div  class=\"row \">\n<div  data-type=\"column\" class=\"col-xs-12 col-sm-12\">\n\n<img  class=\"round face\" src=\"https:\/\/test.lichtbaken.nl\/wp-content\/uploads\/2019\/04\/Logo-trans-2.png\" alt=\"\" title=\"Logo trans\">\n<h4  class=\"font-500\"><font  color=\"#03a9f4\"><span  style=\"caret-color: rgb(3, 169, 244);\">Fam. de Groot<\/span><\/font><\/h4>\n<p  class=\"italic\"><\/p>\n\n<div  class=\"social-icons-group\" data-type=\"group\"><a  href=\"https:\/\/test.lichtbaken.nl?page_id=658\" target=\"_self\" class=\"\" rel=\"noopener\"><i  class=\"fa icon fa-internet-explorer gray\"><\/i><\/a> <a  href=\"https:\/\/test.lichtbaken.nl?page_id=658\" target=\"_self\" class=\"\" rel=\"noopener\"><i  class=\"fa icon fa-facebook-square gray\"><\/i><\/a> <a  href=\"#\" target=\"_self\" data-reiki-hidden=\"true\" class=\"\"><i  class=\"fa icon fa-linkedin-square gray\"><\/i><\/a> <a  href=\"#\" target=\"_self\" data-reiki-hidden=\"true\" class=\"\"><i  class=\"fa icon fa-google-plus-square gray\"><\/i><\/a><\/div>\n<\/div>\n<\/div>\n<\/div><\/div>\n<\/div>\n<\/div>","protected":false},"excerpt":{"rendered":"<p>Verwijzingen Hieronder enkele links naar zendelingen die wij steunen of organisaties waar wij bij zijn aangesloten, wij ondersteunen of aanbevelen. Robin van Engelenhoven\ufeff Pattaya, Thailand Lo\u00efs en Luca Ambriolla Zuid-Afrika Jaap B\u00f6nker Werk in Isra\u00ebl ABC \u2013 Alliantie van Baptisten en CAMA gemeenten\ufeff Fam. de Groot<\/p>\n","protected":false},"author":3,"featured_media":597,"parent":0,"menu_order":0,"comment_status":"closed","ping_status":"closed","template":"pro\/page-templates\/full-width-page.php","meta":[],"_links":{"self":[{"href":"https:\/\/test.lichtbaken.nl\/index.php?rest_route=\/wp\/v2\/pages\/658"}],"collection":[{"href":"https:\/\/test.lichtbaken.nl\/index.php?rest_route=\/wp\/v2\/pages"}],"about":[{"href":"https:\/\/test.lichtbaken.nl\/index.php?rest_route=\/wp\/v2\/types\/page"}],"author":[{"embeddable":true,"href":"https:\/\/test.lichtbaken.nl\/index.php?rest_route=\/wp\/v2\/users\/3"}],"replies":[{"embeddable":true,"href":"https:\/\/test.lichtbaken.nl\/index.php?rest_route=%2Fwp%2Fv2%2Fcomments&post=658"}],"version-history":[{"count":10,"href":"https:\/\/test.lichtbaken.nl\/index.php?rest_route=\/wp\/v2\/pages\/658\/revisions"}],"predecessor-version":[{"id":1359,"href":"https:\/\/test.lichtbaken.nl\/index.php?rest_route=\/wp\/v2\/pages\/658\/revisions\/1359"}],"wp:featuredmedia":[{"embeddable":true,"href":"https:\/\/test.lichtbaken.nl\/index.php?rest_route=\/wp\/v2\/media\/597"}],"wp:attachment":[{"href":"https:\/\/test.lichtbaken.nl\/index.php?rest_route=%2Fwp%2Fv2%2Fmedia&parent=658"}],"curies":[{"name":"wp","href":"https:\/\/api.w.org\/{rel}","templated":true}]}}